{"id":402,"date":"2021-05-24T16:14:42","date_gmt":"2021-05-24T14:14:42","guid":{"rendered":"https:\/\/www.kreatextilien.com\/?page_id=402"},"modified":"2021-05-25T13:37:16","modified_gmt":"2021-05-25T11:37:16","slug":"disclaimer","status":"publish","type":"page","link":"https:\/\/www.kreatextilien.com\/en\/disclaimer\/","title":{"rendered":"Disclaimer"},"content":{"rendered":"<div data-elementor-type=\"wp-page\" data-elementor-id=\"402\" class=\"elementor elementor-402\" data-elementor-post-type=\"page\">\n\t\t\t\t\t\t<section class=\"elementor-section elementor-top-section elementor-element elementor-element-77b93ca8 elementor-section-full_width elementor-section-height-min-height elementor-section-height-default elementor-section-items-middle\" data-id=\"77b93ca8\" data-element_type=\"section\" data-settings=\"{&quot;background_background&quot;:&quot;classic&quot;}\">\n\t\t\t\t\t\t<div class=\"elementor-container elementor-column-gap-no\">\n\t\t\t\t\t<div class=\"elementor-column elementor-col-25 elementor-top-column elementor-element elementor-element-27e608a7\" data-id=\"27e608a7\" data-element_type=\"column\">\n\t\t\t<div class=\"elementor-widget-wrap elementor-element-populated\">\n\t\t\t\t\t\t<div class=\"elementor-element elementor-element-24a1edce elementor-widget elementor-widget-image\" data-id=\"24a1edce\" data-element_type=\"widget\" data-widget_type=\"image.default\">\n\t\t\t\t<div class=\"elementor-widget-container\">\n\t\t\t\t\t\t\t\t\t\t\t\t\t\t\t\t<a href=\"https:\/\/www.kreatextilien.com\/en\/home\/\">\n\t\t\t\t\t\t\t<img decoding=\"async\" width=\"199\" height=\"61\" src=\"https:\/\/www.kreatextilien.com\/wp-content\/uploads\/2021\/05\/kreaLogo-ganze-Breite-neu-optima-200px-website.jpg\" class=\"attachment-medium size-medium wp-image-26\" alt=\"\" srcset=\"https:\/\/www.kreatextilien.com\/wp-content\/uploads\/2021\/05\/kreaLogo-ganze-Breite-neu-optima-200px-website.jpg 199w, https:\/\/www.kreatextilien.com\/wp-content\/uploads\/2021\/05\/kreaLogo-ganze-Breite-neu-optima-200px-website-16x5.jpg 16w\" sizes=\"(max-width: 199px) 100vw, 199px\" style=\"width:100%;height:30.65%;max-width:199px\" \/>\t\t\t\t\t\t\t\t<\/a>\n\t\t\t\t\t\t\t\t\t\t\t\t\t\t\t<\/div>\n\t\t\t\t<\/div>\n\t\t\t\t\t<\/div>\n\t\t<\/div>\n\t\t\t\t<div class=\"elementor-column elementor-col-25 elementor-top-column elementor-element elementor-element-67b65965\" data-id=\"67b65965\" data-element_type=\"column\">\n\t\t\t<div class=\"elementor-widget-wrap elementor-element-populated\">\n\t\t\t\t\t\t<div class=\"elementor-element elementor-element-ebe954 elementor-widget elementor-widget-text-editor\" data-id=\"ebe954\" data-element_type=\"widget\" data-widget_type=\"text-editor.default\">\n\t\t\t\t<div class=\"elementor-widget-container\">\n\t\t\t\t\t\t\t\t\t\n\n<pklein-head>tel.:(49) 2151 1 560 560\n<br>\ninfo @ kreatextilien.com<\/pklein-head>\n\t\t\t\t\t\t\t\t<\/div>\n\t\t\t\t<\/div>\n\t\t\t\t\t<\/div>\n\t\t<\/div>\n\t\t\t\t<div class=\"elementor-column elementor-col-25 elementor-top-column elementor-element elementor-element-2471f4a3\" data-id=\"2471f4a3\" data-element_type=\"column\">\n\t\t\t<div class=\"elementor-widget-wrap elementor-element-populated\">\n\t\t\t\t\t\t<div class=\"elementor-element elementor-element-190a5580 elementor-widget elementor-widget-text-editor\" data-id=\"190a5580\" data-element_type=\"widget\" data-widget_type=\"text-editor.default\">\n\t\t\t\t<div class=\"elementor-widget-container\">\n\t\t\t\t\t\t\t\t\t<pklein-head>Kuhlesh\u00fctte 84<br>\n\n47809 Krefeld<\/pklein-head>\t\t\t\t\t\t\t\t<\/div>\n\t\t\t\t<\/div>\n\t\t\t\t\t<\/div>\n\t\t<\/div>\n\t\t\t\t<div class=\"elementor-column elementor-col-25 elementor-top-column elementor-element elementor-element-4db8d6d4\" data-id=\"4db8d6d4\" data-element_type=\"column\">\n\t\t\t<div class=\"elementor-widget-wrap elementor-element-populated\">\n\t\t\t\t\t\t<div class=\"elementor-element elementor-element-eb69514 elementor-widget elementor-widget-image\" data-id=\"eb69514\" data-element_type=\"widget\" data-widget_type=\"image.default\">\n\t\t\t\t<div class=\"elementor-widget-container\">\n\t\t\t\t\t\t\t\t\t\t\t\t\t\t\t<img decoding=\"async\" width=\"150\" height=\"88\" src=\"https:\/\/www.kreatextilien.com\/wp-content\/uploads\/2021\/05\/go-green-150.jpg\" class=\"attachment-full size-full wp-image-27\" alt=\"\" srcset=\"https:\/\/www.kreatextilien.com\/wp-content\/uploads\/2021\/05\/go-green-150.jpg 150w, https:\/\/www.kreatextilien.com\/wp-content\/uploads\/2021\/05\/go-green-150-16x9.jpg 16w\" sizes=\"(max-width: 150px) 100vw, 150px\" style=\"width:100%;height:58.67%;max-width:150px\" \/>\t\t\t\t\t\t\t\t\t\t\t\t\t\t\t<\/div>\n\t\t\t\t<\/div>\n\t\t\t\t\t<\/div>\n\t\t<\/div>\n\t\t\t\t\t<\/div>\n\t\t<\/section>\n\t\t\t\t<section class=\"elementor-section elementor-top-section elementor-element elementor-element-31699c elementor-section-full_width elementor-section-height-default elementor-section-height-default\" data-id=\"31699c\" data-element_type=\"section\">\n\t\t\t\t\t\t<div class=\"elementor-container elementor-column-gap-no\">\n\t\t\t\t\t<div class=\"elementor-column elementor-col-100 elementor-top-column elementor-element elementor-element-56f5edf3\" data-id=\"56f5edf3\" data-element_type=\"column\" data-settings=\"{&quot;background_background&quot;:&quot;classic&quot;}\">\n\t\t\t<div class=\"elementor-widget-wrap elementor-element-populated\">\n\t\t\t\t\t\t<div class=\"elementor-element elementor-element-5d0f4f3d elementor-nav-menu--dropdown-tablet elementor-nav-menu__text-align-aside elementor-nav-menu--toggle elementor-nav-menu--burger elementor-widget elementor-widget-nav-menu\" data-id=\"5d0f4f3d\" data-element_type=\"widget\" data-settings=\"{&quot;layout&quot;:&quot;horizontal&quot;,&quot;submenu_icon&quot;:{&quot;value&quot;:&quot;&lt;i class=\\&quot;fas fa-caret-down\\&quot;&gt;&lt;\\\/i&gt;&quot;,&quot;library&quot;:&quot;fa-solid&quot;},&quot;toggle&quot;:&quot;burger&quot;}\" data-widget_type=\"nav-menu.default\">\n\t\t\t\t<div class=\"elementor-widget-container\">\n\t\t\t\t\t\t\t\t<nav aria-label=\"Menu\" class=\"elementor-nav-menu--main elementor-nav-menu__container elementor-nav-menu--layout-horizontal e--pointer-underline e--animation-fade\">\n\t\t\t\t<ul id=\"menu-1-5d0f4f3d\" class=\"elementor-nav-menu\"><li class=\"menu-item menu-item-type-post_type menu-item-object-page menu-item-home menu-item-461\"><a href=\"https:\/\/www.kreatextilien.com\/en\/\" class=\"elementor-item\">Home<\/a><\/li>\n<li class=\"menu-item menu-item-type-post_type menu-item-object-page menu-item-459\"><a href=\"https:\/\/www.kreatextilien.com\/en\/digital-media\/\" class=\"elementor-item\">Digital Media Textiles<\/a><\/li>\n<li class=\"menu-item menu-item-type-post_type menu-item-object-page menu-item-460\"><a href=\"https:\/\/www.kreatextilien.com\/en\/home-textiles\/\" class=\"elementor-item\">Home Textiles<\/a><\/li>\n<li class=\"menu-item menu-item-type-post_type menu-item-object-page menu-item-458\"><a href=\"https:\/\/www.kreatextilien.com\/en\/protective-textiles\/\" class=\"elementor-item\">Protective Textiles<\/a><\/li>\n<li class=\"menu-item menu-item-type-post_type menu-item-object-page menu-item-457\"><a href=\"https:\/\/www.kreatextilien.com\/en\/technical-accessories\/\" class=\"elementor-item\">Technical Accessories<\/a><\/li>\n<li class=\"menu-item menu-item-type-post_type menu-item-object-page menu-item-455\"><a href=\"https:\/\/www.kreatextilien.com\/en\/produktion\/\" class=\"elementor-item\">Production inside<\/a><\/li>\n<li class=\"menu-item menu-item-type-post_type menu-item-object-page menu-item-456\"><a href=\"https:\/\/www.kreatextilien.com\/en\/umwelt\/\" class=\"elementor-item\">Environment<\/a><\/li>\n<\/ul>\t\t\t<\/nav>\n\t\t\t\t\t<div class=\"elementor-menu-toggle\" role=\"button\" tabindex=\"0\" aria-label=\"Menu Toggle\" aria-expanded=\"false\">\n\t\t\t<i aria-hidden=\"true\" role=\"presentation\" class=\"elementor-menu-toggle__icon--open eicon-menu-bar\"><\/i><i aria-hidden=\"true\" role=\"presentation\" class=\"elementor-menu-toggle__icon--close eicon-close\"><\/i>\t\t<\/div>\n\t\t\t\t\t<nav class=\"elementor-nav-menu--dropdown elementor-nav-menu__container\" aria-hidden=\"true\">\n\t\t\t\t<ul id=\"menu-2-5d0f4f3d\" class=\"elementor-nav-menu\"><li class=\"menu-item menu-item-type-post_type menu-item-object-page menu-item-home menu-item-461\"><a href=\"https:\/\/www.kreatextilien.com\/en\/\" class=\"elementor-item\" tabindex=\"-1\">Home<\/a><\/li>\n<li class=\"menu-item menu-item-type-post_type menu-item-object-page menu-item-459\"><a href=\"https:\/\/www.kreatextilien.com\/en\/digital-media\/\" class=\"elementor-item\" tabindex=\"-1\">Digital Media Textiles<\/a><\/li>\n<li class=\"menu-item menu-item-type-post_type menu-item-object-page menu-item-460\"><a href=\"https:\/\/www.kreatextilien.com\/en\/home-textiles\/\" class=\"elementor-item\" tabindex=\"-1\">Home Textiles<\/a><\/li>\n<li class=\"menu-item menu-item-type-post_type menu-item-object-page menu-item-458\"><a href=\"https:\/\/www.kreatextilien.com\/en\/protective-textiles\/\" class=\"elementor-item\" tabindex=\"-1\">Protective Textiles<\/a><\/li>\n<li class=\"menu-item menu-item-type-post_type menu-item-object-page menu-item-457\"><a href=\"https:\/\/www.kreatextilien.com\/en\/technical-accessories\/\" class=\"elementor-item\" tabindex=\"-1\">Technical Accessories<\/a><\/li>\n<li class=\"menu-item menu-item-type-post_type menu-item-object-page menu-item-455\"><a href=\"https:\/\/www.kreatextilien.com\/en\/produktion\/\" class=\"elementor-item\" tabindex=\"-1\">Production inside<\/a><\/li>\n<li class=\"menu-item menu-item-type-post_type menu-item-object-page menu-item-456\"><a href=\"https:\/\/www.kreatextilien.com\/en\/umwelt\/\" class=\"elementor-item\" tabindex=\"-1\">Environment<\/a><\/li>\n<\/ul>\t\t\t<\/nav>\n\t\t\t\t\t\t<\/div>\n\t\t\t\t<\/div>\n\t\t\t\t\t<\/div>\n\t\t<\/div>\n\t\t\t\t\t<\/div>\n\t\t<\/section>\n\t\t\t\t<section class=\"elementor-section elementor-top-section elementor-element elementor-element-14b141a6 elementor-section-height-min-height elementor-section-full_width elementor-section-height-default elementor-section-items-middle\" data-id=\"14b141a6\" data-element_type=\"section\">\n\t\t\t\t\t\t<div class=\"elementor-container elementor-column-gap-no\">\n\t\t\t\t\t<div class=\"elementor-column elementor-col-100 elementor-top-column elementor-element elementor-element-3ba84250\" data-id=\"3ba84250\" data-element_type=\"column\">\n\t\t\t<div class=\"elementor-widget-wrap elementor-element-populated\">\n\t\t\t\t\t\t<div class=\"elementor-element elementor-element-39929dc5 elementor-hidden-phone elementor-widget elementor-widget-text-editor\" data-id=\"39929dc5\" data-element_type=\"widget\" data-widget_type=\"text-editor.default\">\n\t\t\t\t<div class=\"elementor-widget-container\">\n\t\t\t\t\t\t\t\t\t\n<pklein>KREA Digital Media Textiles Solution \u2666 Digital Home Textiles \u2666 Krea Protective Textiles \u2666 Technical Accessories <\/pklein>\n\t\t\t\t\t\t\t\t<\/div>\n\t\t\t\t<\/div>\n\t\t\t\t\t<\/div>\n\t\t<\/div>\n\t\t\t\t\t<\/div>\n\t\t<\/section>\n\t\t\t\t<section class=\"elementor-section elementor-top-section elementor-element elementor-element-18f87de9 elementor-section-full_width elementor-section-height-default elementor-section-height-default\" data-id=\"18f87de9\" data-element_type=\"section\">\n\t\t\t\t\t\t<div class=\"elementor-container elementor-column-gap-default\">\n\t\t\t\t\t<div class=\"elementor-column elementor-col-100 elementor-top-column elementor-element elementor-element-6f6caa6b\" data-id=\"6f6caa6b\" data-element_type=\"column\">\n\t\t\t<div class=\"elementor-widget-wrap elementor-element-populated\">\n\t\t\t\t\t\t<div class=\"elementor-element elementor-element-17bb37e3 elementor-widget elementor-widget-image\" data-id=\"17bb37e3\" data-element_type=\"widget\" data-widget_type=\"image.default\">\n\t\t\t\t<div class=\"elementor-widget-container\">\n\t\t\t\t\t\t\t\t\t\t\t\t\t\t\t<img fetchpriority=\"high\" decoding=\"async\" width=\"1920\" height=\"400\" src=\"https:\/\/www.kreatextilien.com\/wp-content\/uploads\/2021\/05\/technische-textilien-1920.jpg\" class=\"attachment-full size-full wp-image-71\" alt=\"\" srcset=\"https:\/\/www.kreatextilien.com\/wp-content\/uploads\/2021\/05\/technische-textilien-1920.jpg 1920w, https:\/\/www.kreatextilien.com\/wp-content\/uploads\/2021\/05\/technische-textilien-1920-300x63.jpg 300w, https:\/\/www.kreatextilien.com\/wp-content\/uploads\/2021\/05\/technische-textilien-1920-1024x213.jpg 1024w, https:\/\/www.kreatextilien.com\/wp-content\/uploads\/2021\/05\/technische-textilien-1920-768x160.jpg 768w, https:\/\/www.kreatextilien.com\/wp-content\/uploads\/2021\/05\/technische-textilien-1920-1536x320.jpg 1536w, https:\/\/www.kreatextilien.com\/wp-content\/uploads\/2021\/05\/technische-textilien-1920-16x3.jpg 16w, https:\/\/www.kreatextilien.com\/wp-content\/uploads\/2021\/05\/technische-textilien-1920-1568x327.jpg 1568w\" sizes=\"(max-width: 1920px) 100vw, 1920px\" style=\"width:100%;height:20.83%;max-width:1920px\" \/>\t\t\t\t\t\t\t\t\t\t\t\t\t\t\t<\/div>\n\t\t\t\t<\/div>\n\t\t\t\t\t<\/div>\n\t\t<\/div>\n\t\t\t\t\t<\/div>\n\t\t<\/section>\n\t\t\t\t<section class=\"elementor-section elementor-top-section elementor-element elementor-element-365277ea elementor-section-boxed elementor-section-height-default elementor-section-height-default\" data-id=\"365277ea\" data-element_type=\"section\">\n\t\t\t\t\t\t<div class=\"elementor-container elementor-column-gap-default\">\n\t\t\t\t\t<div class=\"elementor-column elementor-col-100 elementor-top-column elementor-element elementor-element-622c2cf1\" data-id=\"622c2cf1\" data-element_type=\"column\">\n\t\t\t<div class=\"elementor-widget-wrap elementor-element-populated\">\n\t\t\t\t\t\t<div class=\"elementor-element elementor-element-5a62ac72 elementor-widget elementor-widget-text-editor\" data-id=\"5a62ac72\" data-element_type=\"widget\" data-widget_type=\"text-editor.default\">\n\t\t\t\t<div class=\"elementor-widget-container\">\n\t\t\t\t\t\t\t\t\t<hunterseite>Disclaimer<\/hunterseite>\n\t\t\t\t\t\t\t\t<\/div>\n\t\t\t\t<\/div>\n\t\t\t\t\t<\/div>\n\t\t<\/div>\n\t\t\t\t\t<\/div>\n\t\t<\/section>\n\t\t\t\t<section class=\"elementor-section elementor-top-section elementor-element elementor-element-2a9402c0 elementor-section-boxed elementor-section-height-default elementor-section-height-default\" data-id=\"2a9402c0\" data-element_type=\"section\">\n\t\t\t\t\t\t<div class=\"elementor-container elementor-column-gap-default\">\n\t\t\t\t\t<div class=\"elementor-column elementor-col-100 elementor-top-column elementor-element elementor-element-7d58ea02\" data-id=\"7d58ea02\" data-element_type=\"column\">\n\t\t\t<div class=\"elementor-widget-wrap elementor-element-populated\">\n\t\t\t\t\t\t<div class=\"elementor-element elementor-element-26a4fa35 elementor-widget elementor-widget-text-editor\" data-id=\"26a4fa35\" data-element_type=\"widget\" data-widget_type=\"text-editor.default\">\n\t\t\t\t<div class=\"elementor-widget-container\">\n\t\t\t\t\t\t\t\t\t\n\n<punterseitefett>Liability for contents<\/punterseitefett>\n<br>\n<punterseite>\nAs a service provider, we are responsible for our own content on these pages in accordance with the general laws pursuant to \u00a7 7 para. 1 TMG. According to \u00a7\u00a7 8 to 10 TMG, we are not obligated to monitor transmitted or stored information or to investigate circumstances that indicate illegal activity. Obligations to remove or block the use of information under the general laws remain unaffected. However, liability in this regard is only possible from the point in time at which a concrete infringement of the law becomes known. If we become aware of any such infringements, we will remove the relevant content immediately.\n<\/punterseite>\n<br><br>\n\n\n<punterseitefett>Liability for links<\/punterseitefett>\n<br>\n<punterseite>\nOur offer contains links to external websites of third parties, on whose contents we have no influence. Therefore, we cannot assume any liability for these external contents. The respective provider or operator of the pages is always responsible for the content of the linked pages. The linked pages were checked for possible legal violations at the time of linking. Illegal contents were not recognizable at the time of linking. However, a permanent control of the contents of the linked pages is not reasonable without concrete evidence of a violation of the law. If we become aware of any infringements, we will remove such links immediately.\n<\/punterseite>\n<br><br>\n\n\n<punterseitefett>Copyright<\/punterseitefett>\n<br>\n<punterseite>\nThe contents and works created by the site operators on these pages are subject to German copyright law. Duplication, processing, distribution, or any form of commercialization of such material beyond the scope of the copyright law shall require the prior written consent of its respective author or creator. Downloads and copies of this site are only permitted for private, non-commercial use. Insofar as the content on this site was not created by the operator, the copyrights of third parties are respected. In particular, third-party content is identified as such. Should you nevertheless become aware of a copyright infringement, please inform us accordingly. If we become aware of any infringements, we will remove such content immediately.\n<\/punterseite>\n<br><br>\n\n\n<punterseite>\nSource:<a href=\"https:\/\/www.e-recht24.de\">&nbsp;Disclaimer eRecht24<\/a> \n<\/punterseite>\t\t\t\t\t\t\t\t<\/div>\n\t\t\t\t<\/div>\n\t\t\t\t\t<\/div>\n\t\t<\/div>\n\t\t\t\t\t<\/div>\n\t\t<\/section>\n\t\t\t\t<section class=\"elementor-section elementor-top-section elementor-element elementor-element-12280490 elementor-section-full_width elementor-section-height-default elementor-section-height-default\" data-id=\"12280490\" data-element_type=\"section\">\n\t\t\t\t\t\t<div class=\"elementor-container elementor-column-gap-default\">\n\t\t\t\t\t<div class=\"elementor-column elementor-col-50 elementor-top-column elementor-element elementor-element-71a30096\" data-id=\"71a30096\" data-element_type=\"column\" data-settings=\"{&quot;background_background&quot;:&quot;classic&quot;}\">\n\t\t\t<div class=\"elementor-widget-wrap elementor-element-populated\">\n\t\t\t\t\t\t<div class=\"elementor-element elementor-element-5e7816e elementor-nav-menu__align-end elementor-nav-menu--dropdown-tablet elementor-nav-menu__text-align-aside elementor-nav-menu--toggle elementor-nav-menu--burger elementor-widget elementor-widget-nav-menu\" data-id=\"5e7816e\" data-element_type=\"widget\" data-settings=\"{&quot;layout&quot;:&quot;horizontal&quot;,&quot;submenu_icon&quot;:{&quot;value&quot;:&quot;&lt;i class=\\&quot;fas fa-caret-down\\&quot;&gt;&lt;\\\/i&gt;&quot;,&quot;library&quot;:&quot;fa-solid&quot;},&quot;toggle&quot;:&quot;burger&quot;}\" data-widget_type=\"nav-menu.default\">\n\t\t\t\t<div class=\"elementor-widget-container\">\n\t\t\t\t\t\t\t\t<nav aria-label=\"Menu\" class=\"elementor-nav-menu--main elementor-nav-menu__container elementor-nav-menu--layout-horizontal e--pointer-underline e--animation-fade\">\n\t\t\t\t<ul id=\"menu-1-5e7816e\" class=\"elementor-nav-menu\"><li class=\"menu-item menu-item-type-post_type menu-item-object-page menu-item-453\"><a href=\"https:\/\/www.kreatextilien.com\/en\/impressum\/\" class=\"elementor-item\">Legal Notice<\/a><\/li>\n<li class=\"menu-item menu-item-type-post_type menu-item-object-page menu-item-454\"><a href=\"https:\/\/www.kreatextilien.com\/en\/datenschutz\/\" class=\"elementor-item\">Privacy policy<\/a><\/li>\n<li class=\"menu-item menu-item-type-post_type menu-item-object-page menu-item-452\"><a href=\"https:\/\/www.kreatextilien.com\/en\/disclaimer\/\" class=\"elementor-item\">Disclaimer<\/a><\/li>\n<li class=\"menu-item menu-item-type-post_type menu-item-object-page menu-item-451\"><a href=\"https:\/\/www.kreatextilien.com\/en\/agb\/\" class=\"elementor-item\">General Terms and Conditions<\/a><\/li>\n<\/ul>\t\t\t<\/nav>\n\t\t\t\t\t<div class=\"elementor-menu-toggle\" role=\"button\" tabindex=\"0\" aria-label=\"Menu Toggle\" aria-expanded=\"false\">\n\t\t\t<i aria-hidden=\"true\" role=\"presentation\" class=\"elementor-menu-toggle__icon--open eicon-menu-bar\"><\/i><i aria-hidden=\"true\" role=\"presentation\" class=\"elementor-menu-toggle__icon--close eicon-close\"><\/i>\t\t<\/div>\n\t\t\t\t\t<nav class=\"elementor-nav-menu--dropdown elementor-nav-menu__container\" aria-hidden=\"true\">\n\t\t\t\t<ul id=\"menu-2-5e7816e\" class=\"elementor-nav-menu\"><li class=\"menu-item menu-item-type-post_type menu-item-object-page menu-item-453\"><a href=\"https:\/\/www.kreatextilien.com\/en\/impressum\/\" class=\"elementor-item\" tabindex=\"-1\">Legal Notice<\/a><\/li>\n<li class=\"menu-item menu-item-type-post_type menu-item-object-page menu-item-454\"><a href=\"https:\/\/www.kreatextilien.com\/en\/datenschutz\/\" class=\"elementor-item\" tabindex=\"-1\">Privacy policy<\/a><\/li>\n<li class=\"menu-item menu-item-type-post_type menu-item-object-page menu-item-452\"><a href=\"https:\/\/www.kreatextilien.com\/en\/disclaimer\/\" class=\"elementor-item\" tabindex=\"-1\">Disclaimer<\/a><\/li>\n<li class=\"menu-item menu-item-type-post_type menu-item-object-page menu-item-451\"><a href=\"https:\/\/www.kreatextilien.com\/en\/agb\/\" class=\"elementor-item\" tabindex=\"-1\">General Terms and Conditions<\/a><\/li>\n<\/ul>\t\t\t<\/nav>\n\t\t\t\t\t\t<\/div>\n\t\t\t\t<\/div>\n\t\t\t\t\t<\/div>\n\t\t<\/div>\n\t\t\t\t<div class=\"elementor-column elementor-col-50 elementor-top-column elementor-element elementor-element-12c3cb82\" data-id=\"12c3cb82\" data-element_type=\"column\" data-settings=\"{&quot;background_background&quot;:&quot;classic&quot;}\">\n\t\t\t<div class=\"elementor-widget-wrap elementor-element-populated\">\n\t\t\t\t\t\t<div class=\"elementor-element elementor-element-61050cc9 elementor-widget elementor-widget-text-editor\" data-id=\"61050cc9\" data-element_type=\"widget\" data-widget_type=\"text-editor.default\">\n\t\t\t\t<div class=\"elementor-widget-container\">\n\t\t\t\t\t\t\t\t\t<pkleinfooter>Copyright 2021 KREA\u00ae Technical Textiles GmbH. All rights reserved.<\/pkleinfooter>\t\t\t\t\t\t\t\t<\/div>\n\t\t\t\t<\/div>\n\t\t\t\t\t<\/div>\n\t\t<\/div>\n\t\t\t\t\t<\/div>\n\t\t<\/section>\n\t\t\t\t<\/div>","protected":false},"excerpt":{"rendered":"<p>tel.:(49) 2151 1 560 560 info @ kreatextilien.com Kuhlesh\u00fctte 84 47809 Krefeld KREA Digital Media Textiles Solution \u2666 Digital Home Textiles \u2666 Krea Protective Textiles \u2666 Technical Accessories Disclaimer Haftung f\u00fcr Inhalte Als Diensteanbieter sind wir gem\u00e4\u00df \u00a7 7 Abs.1 TMG f\u00fcr eigene Inhalte auf diesen Seiten nach den allgemeinen Gesetzen verantwortlich. Nach \u00a7\u00a7 8&hellip; <a class=\"more-link\" href=\"https:\/\/www.kreatextilien.com\/en\/disclaimer\/\">Continue reading <span class=\"screen-reader-text\">Disclaimer<\/span><\/a><\/p>","protected":false},"author":1,"featured_media":0,"parent":0,"menu_order":0,"comment_status":"closed","ping_status":"closed","template":"elementor_canvas","meta":{"footnotes":""},"class_list":["post-402","page","type-page","status-publish","hentry","entry"],"_links":{"self":[{"href":"https:\/\/www.kreatextilien.com\/en\/wp-json\/wp\/v2\/pages\/402","targetHints":{"allow":["GET"]}}],"collection":[{"href":"https:\/\/www.kreatextilien.com\/en\/wp-json\/wp\/v2\/pages"}],"about":[{"href":"https:\/\/www.kreatextilien.com\/en\/wp-json\/wp\/v2\/types\/page"}],"author":[{"embeddable":true,"href":"https:\/\/www.kreatextilien.com\/en\/wp-json\/wp\/v2\/users\/1"}],"replies":[{"embeddable":true,"href":"https:\/\/www.kreatextilien.com\/en\/wp-json\/wp\/v2\/comments?post=402"}],"version-history":[{"count":25,"href":"https:\/\/www.kreatextilien.com\/en\/wp-json\/wp\/v2\/pages\/402\/revisions"}],"predecessor-version":[{"id":583,"href":"https:\/\/www.kreatextilien.com\/en\/wp-json\/wp\/v2\/pages\/402\/revisions\/583"}],"wp:attachment":[{"href":"https:\/\/www.kreatextilien.com\/en\/wp-json\/wp\/v2\/media?parent=402"}],"curies":[{"name":"wp","href":"https:\/\/api.w.org\/{rel}","templated":true}]}}