{"id":379,"date":"2021-05-24T16:04:40","date_gmt":"2021-05-24T14:04:40","guid":{"rendered":"https:\/\/www.kreatextilien.com\/?page_id=379"},"modified":"2021-06-18T10:16:11","modified_gmt":"2021-06-18T08:16:11","slug":"produktion","status":"publish","type":"page","link":"https:\/\/www.kreatextilien.com\/es\/produktion\/","title":{"rendered":"Produktion"},"content":{"rendered":"<div data-elementor-type=\"wp-page\" data-elementor-id=\"379\" class=\"elementor elementor-379\" data-elementor-post-type=\"page\">\n\t\t\t\t\t\t<section class=\"elementor-section elementor-top-section elementor-element elementor-element-77b93ca8 elementor-section-full_width elementor-section-height-min-height elementor-section-height-default elementor-section-items-middle\" data-id=\"77b93ca8\" data-element_type=\"section\" data-settings=\"{&quot;background_background&quot;:&quot;classic&quot;}\">\n\t\t\t\t\t\t<div class=\"elementor-container elementor-column-gap-no\">\n\t\t\t\t\t<div class=\"elementor-column elementor-col-25 elementor-top-column elementor-element elementor-element-27e608a7\" data-id=\"27e608a7\" data-element_type=\"column\">\n\t\t\t<div class=\"elementor-widget-wrap elementor-element-populated\">\n\t\t\t\t\t\t<div class=\"elementor-element elementor-element-24a1edce elementor-widget elementor-widget-image\" data-id=\"24a1edce\" data-element_type=\"widget\" data-widget_type=\"image.default\">\n\t\t\t\t<div class=\"elementor-widget-container\">\n\t\t\t\t\t\t\t\t\t\t\t\t\t\t\t\t<a href=\"https:\/\/www.kreatextilien.com\/es\/home\/\">\n\t\t\t\t\t\t\t<img decoding=\"async\" width=\"199\" height=\"61\" src=\"https:\/\/www.kreatextilien.com\/wp-content\/uploads\/2021\/05\/kreaLogo-ganze-Breite-neu-optima-200px-website.jpg\" class=\"attachment-medium size-medium wp-image-26\" alt=\"\" srcset=\"https:\/\/www.kreatextilien.com\/wp-content\/uploads\/2021\/05\/kreaLogo-ganze-Breite-neu-optima-200px-website.jpg 199w, https:\/\/www.kreatextilien.com\/wp-content\/uploads\/2021\/05\/kreaLogo-ganze-Breite-neu-optima-200px-website-16x5.jpg 16w\" sizes=\"(max-width: 199px) 100vw, 199px\" style=\"width:100%;height:30.65%;max-width:199px\" \/>\t\t\t\t\t\t\t\t<\/a>\n\t\t\t\t\t\t\t\t\t\t\t\t\t\t\t<\/div>\n\t\t\t\t<\/div>\n\t\t\t\t\t<\/div>\n\t\t<\/div>\n\t\t\t\t<div class=\"elementor-column elementor-col-25 elementor-top-column elementor-element elementor-element-67b65965\" data-id=\"67b65965\" data-element_type=\"column\">\n\t\t\t<div class=\"elementor-widget-wrap elementor-element-populated\">\n\t\t\t\t\t\t<div class=\"elementor-element elementor-element-ebe954 elementor-widget elementor-widget-text-editor\" data-id=\"ebe954\" data-element_type=\"widget\" data-widget_type=\"text-editor.default\">\n\t\t\t\t<div class=\"elementor-widget-container\">\n\t\t\t\t\t\t\t\t\t\n\n<pklein-head>tel.:(49) 2151 1 560 560\n<br>\ninfo @ kreatextilien.com<\/pklein-head>\n\t\t\t\t\t\t\t\t<\/div>\n\t\t\t\t<\/div>\n\t\t\t\t\t<\/div>\n\t\t<\/div>\n\t\t\t\t<div class=\"elementor-column elementor-col-25 elementor-top-column elementor-element elementor-element-2471f4a3\" data-id=\"2471f4a3\" data-element_type=\"column\">\n\t\t\t<div class=\"elementor-widget-wrap elementor-element-populated\">\n\t\t\t\t\t\t<div class=\"elementor-element elementor-element-190a5580 elementor-widget elementor-widget-text-editor\" data-id=\"190a5580\" data-element_type=\"widget\" data-widget_type=\"text-editor.default\">\n\t\t\t\t<div class=\"elementor-widget-container\">\n\t\t\t\t\t\t\t\t\t<pklein-head>Kuhlesh\u00fctte 84<br>\n\n47809 Krefeld<\/pklein-head>\t\t\t\t\t\t\t\t<\/div>\n\t\t\t\t<\/div>\n\t\t\t\t\t<\/div>\n\t\t<\/div>\n\t\t\t\t<div class=\"elementor-column elementor-col-25 elementor-top-column elementor-element elementor-element-4db8d6d4\" data-id=\"4db8d6d4\" data-element_type=\"column\">\n\t\t\t<div class=\"elementor-widget-wrap elementor-element-populated\">\n\t\t\t\t\t\t<div class=\"elementor-element elementor-element-eb69514 elementor-widget elementor-widget-image\" data-id=\"eb69514\" data-element_type=\"widget\" data-widget_type=\"image.default\">\n\t\t\t\t<div class=\"elementor-widget-container\">\n\t\t\t\t\t\t\t\t\t\t\t\t\t\t\t<img decoding=\"async\" width=\"150\" height=\"88\" src=\"https:\/\/www.kreatextilien.com\/wp-content\/uploads\/2021\/05\/go-green-150.jpg\" class=\"attachment-full size-full wp-image-27\" alt=\"\" srcset=\"https:\/\/www.kreatextilien.com\/wp-content\/uploads\/2021\/05\/go-green-150.jpg 150w, https:\/\/www.kreatextilien.com\/wp-content\/uploads\/2021\/05\/go-green-150-16x9.jpg 16w\" sizes=\"(max-width: 150px) 100vw, 150px\" style=\"width:100%;height:58.67%;max-width:150px\" \/>\t\t\t\t\t\t\t\t\t\t\t\t\t\t\t<\/div>\n\t\t\t\t<\/div>\n\t\t\t\t\t<\/div>\n\t\t<\/div>\n\t\t\t\t\t<\/div>\n\t\t<\/section>\n\t\t\t\t<section class=\"elementor-section elementor-top-section elementor-element elementor-element-31699c elementor-section-full_width elementor-section-height-default elementor-section-height-default\" data-id=\"31699c\" data-element_type=\"section\">\n\t\t\t\t\t\t<div class=\"elementor-container elementor-column-gap-no\">\n\t\t\t\t\t<div class=\"elementor-column elementor-col-100 elementor-top-column elementor-element elementor-element-56f5edf3\" data-id=\"56f5edf3\" data-element_type=\"column\" data-settings=\"{&quot;background_background&quot;:&quot;classic&quot;}\">\n\t\t\t<div class=\"elementor-widget-wrap elementor-element-populated\">\n\t\t\t\t\t\t<div class=\"elementor-element elementor-element-5d0f4f3d elementor-nav-menu--dropdown-tablet elementor-nav-menu__text-align-aside elementor-nav-menu--toggle elementor-nav-menu--burger elementor-widget elementor-widget-nav-menu\" data-id=\"5d0f4f3d\" data-element_type=\"widget\" data-settings=\"{&quot;layout&quot;:&quot;horizontal&quot;,&quot;submenu_icon&quot;:{&quot;value&quot;:&quot;&lt;i class=\\&quot;fas fa-caret-down\\&quot;&gt;&lt;\\\/i&gt;&quot;,&quot;library&quot;:&quot;fa-solid&quot;},&quot;toggle&quot;:&quot;burger&quot;}\" data-widget_type=\"nav-menu.default\">\n\t\t\t\t<div class=\"elementor-widget-container\">\n\t\t\t\t\t\t\t\t<nav aria-label=\"Men\u00fa\" class=\"elementor-nav-menu--main elementor-nav-menu__container elementor-nav-menu--layout-horizontal e--pointer-underline e--animation-fade\">\n\t\t\t\t<ul id=\"menu-1-5d0f4f3d\" class=\"elementor-nav-menu\"><li class=\"menu-item menu-item-type-post_type menu-item-object-page menu-item-home menu-item-461\"><a href=\"https:\/\/www.kreatextilien.com\/es\/\" class=\"elementor-item\">Casa<\/a><\/li>\n<li class=\"menu-item menu-item-type-post_type menu-item-object-page menu-item-459\"><a href=\"https:\/\/www.kreatextilien.com\/es\/digital-media\/\" class=\"elementor-item\">Tejidos para impresi\u00f3n digital<\/a><\/li>\n<li class=\"menu-item menu-item-type-post_type menu-item-object-page menu-item-460\"><a href=\"https:\/\/www.kreatextilien.com\/es\/home-textiles\/\" class=\"elementor-item\">textiles hogar<\/a><\/li>\n<li class=\"menu-item menu-item-type-post_type menu-item-object-page menu-item-458\"><a href=\"https:\/\/www.kreatextilien.com\/es\/protective-textiles\/\" class=\"elementor-item\">tejidos de protecci\u00f3n<\/a><\/li>\n<li class=\"menu-item menu-item-type-post_type menu-item-object-page menu-item-457\"><a href=\"https:\/\/www.kreatextilien.com\/es\/technical-accessories\/\" class=\"elementor-item\">Accesorios t\u00e9cnicos<\/a><\/li>\n<li class=\"menu-item menu-item-type-post_type menu-item-object-page menu-item-455\"><a href=\"https:\/\/www.kreatextilien.com\/es\/produktion\/\" class=\"elementor-item\">Producci\u00f3n interna<\/a><\/li>\n<li class=\"menu-item menu-item-type-post_type menu-item-object-page menu-item-456\"><a href=\"https:\/\/www.kreatextilien.com\/es\/umwelt\/\" class=\"elementor-item\">Medio ambiente<\/a><\/li>\n<\/ul>\t\t\t<\/nav>\n\t\t\t\t\t<div class=\"elementor-menu-toggle\" role=\"button\" tabindex=\"0\" aria-label=\"Alternar men\u00fa\" aria-expanded=\"false\">\n\t\t\t<i aria-hidden=\"true\" role=\"presentation\" class=\"elementor-menu-toggle__icon--open eicon-menu-bar\"><\/i><i aria-hidden=\"true\" role=\"presentation\" class=\"elementor-menu-toggle__icon--close eicon-close\"><\/i>\t\t<\/div>\n\t\t\t\t\t<nav class=\"elementor-nav-menu--dropdown elementor-nav-menu__container\" aria-hidden=\"true\">\n\t\t\t\t<ul id=\"menu-2-5d0f4f3d\" class=\"elementor-nav-menu\"><li class=\"menu-item menu-item-type-post_type menu-item-object-page menu-item-home menu-item-461\"><a href=\"https:\/\/www.kreatextilien.com\/es\/\" class=\"elementor-item\" tabindex=\"-1\">Casa<\/a><\/li>\n<li class=\"menu-item menu-item-type-post_type menu-item-object-page menu-item-459\"><a href=\"https:\/\/www.kreatextilien.com\/es\/digital-media\/\" class=\"elementor-item\" tabindex=\"-1\">Tejidos para impresi\u00f3n digital<\/a><\/li>\n<li class=\"menu-item menu-item-type-post_type menu-item-object-page menu-item-460\"><a href=\"https:\/\/www.kreatextilien.com\/es\/home-textiles\/\" class=\"elementor-item\" tabindex=\"-1\">textiles hogar<\/a><\/li>\n<li class=\"menu-item menu-item-type-post_type menu-item-object-page menu-item-458\"><a href=\"https:\/\/www.kreatextilien.com\/es\/protective-textiles\/\" class=\"elementor-item\" tabindex=\"-1\">tejidos de protecci\u00f3n<\/a><\/li>\n<li class=\"menu-item menu-item-type-post_type menu-item-object-page menu-item-457\"><a href=\"https:\/\/www.kreatextilien.com\/es\/technical-accessories\/\" class=\"elementor-item\" tabindex=\"-1\">Accesorios t\u00e9cnicos<\/a><\/li>\n<li class=\"menu-item menu-item-type-post_type menu-item-object-page menu-item-455\"><a href=\"https:\/\/www.kreatextilien.com\/es\/produktion\/\" class=\"elementor-item\" tabindex=\"-1\">Producci\u00f3n interna<\/a><\/li>\n<li class=\"menu-item menu-item-type-post_type menu-item-object-page menu-item-456\"><a href=\"https:\/\/www.kreatextilien.com\/es\/umwelt\/\" class=\"elementor-item\" tabindex=\"-1\">Medio ambiente<\/a><\/li>\n<\/ul>\t\t\t<\/nav>\n\t\t\t\t\t\t<\/div>\n\t\t\t\t<\/div>\n\t\t\t\t\t<\/div>\n\t\t<\/div>\n\t\t\t\t\t<\/div>\n\t\t<\/section>\n\t\t\t\t<section class=\"elementor-section elementor-top-section elementor-element elementor-element-14b141a6 elementor-section-height-min-height elementor-section-full_width elementor-section-height-default elementor-section-items-middle\" data-id=\"14b141a6\" data-element_type=\"section\">\n\t\t\t\t\t\t<div class=\"elementor-container elementor-column-gap-no\">\n\t\t\t\t\t<div class=\"elementor-column elementor-col-100 elementor-top-column elementor-element elementor-element-3ba84250\" data-id=\"3ba84250\" data-element_type=\"column\">\n\t\t\t<div class=\"elementor-widget-wrap elementor-element-populated\">\n\t\t\t\t\t\t<div class=\"elementor-element elementor-element-39929dc5 elementor-hidden-phone elementor-widget elementor-widget-text-editor\" data-id=\"39929dc5\" data-element_type=\"widget\" data-widget_type=\"text-editor.default\">\n\t\t\t\t<div class=\"elementor-widget-container\">\n\t\t\t\t\t\t\t\t\t\n<pklein>KREA soluciones para tejidos digitales \u2666 tejidos digitales para hogar \u2666 Krea textiles de protecci\u00f3n \u2666 Acccesorios T\u00e9cnicos <\/pklein>\n\t\t\t\t\t\t\t\t<\/div>\n\t\t\t\t<\/div>\n\t\t\t\t\t<\/div>\n\t\t<\/div>\n\t\t\t\t\t<\/div>\n\t\t<\/section>\n\t\t\t\t<section class=\"elementor-section elementor-top-section elementor-element elementor-element-18f87de9 elementor-section-full_width elementor-section-height-default elementor-section-height-default\" data-id=\"18f87de9\" data-element_type=\"section\">\n\t\t\t\t\t\t<div class=\"elementor-container elementor-column-gap-default\">\n\t\t\t\t\t<div class=\"elementor-column elementor-col-100 elementor-top-column elementor-element elementor-element-6f6caa6b\" data-id=\"6f6caa6b\" data-element_type=\"column\">\n\t\t\t<div class=\"elementor-widget-wrap elementor-element-populated\">\n\t\t\t\t\t\t<div class=\"elementor-element elementor-element-17bb37e3 elementor-widget elementor-widget-image\" data-id=\"17bb37e3\" data-element_type=\"widget\" data-widget_type=\"image.default\">\n\t\t\t\t<div class=\"elementor-widget-container\">\n\t\t\t\t\t\t\t\t\t\t\t\t\t\t\t<img fetchpriority=\"high\" decoding=\"async\" width=\"1920\" height=\"400\" src=\"https:\/\/www.kreatextilien.com\/wp-content\/uploads\/2021\/05\/technische-textilien-1920.jpg\" class=\"attachment-full size-full wp-image-71\" alt=\"\" srcset=\"https:\/\/www.kreatextilien.com\/wp-content\/uploads\/2021\/05\/technische-textilien-1920.jpg 1920w, https:\/\/www.kreatextilien.com\/wp-content\/uploads\/2021\/05\/technische-textilien-1920-300x63.jpg 300w, https:\/\/www.kreatextilien.com\/wp-content\/uploads\/2021\/05\/technische-textilien-1920-1024x213.jpg 1024w, https:\/\/www.kreatextilien.com\/wp-content\/uploads\/2021\/05\/technische-textilien-1920-768x160.jpg 768w, https:\/\/www.kreatextilien.com\/wp-content\/uploads\/2021\/05\/technische-textilien-1920-1536x320.jpg 1536w, https:\/\/www.kreatextilien.com\/wp-content\/uploads\/2021\/05\/technische-textilien-1920-16x3.jpg 16w, https:\/\/www.kreatextilien.com\/wp-content\/uploads\/2021\/05\/technische-textilien-1920-1568x327.jpg 1568w\" sizes=\"(max-width: 1920px) 100vw, 1920px\" style=\"width:100%;height:20.83%;max-width:1920px\" \/>\t\t\t\t\t\t\t\t\t\t\t\t\t\t\t<\/div>\n\t\t\t\t<\/div>\n\t\t\t\t\t<\/div>\n\t\t<\/div>\n\t\t\t\t\t<\/div>\n\t\t<\/section>\n\t\t\t\t<section class=\"elementor-section elementor-top-section elementor-element elementor-element-365277ea elementor-section-boxed elementor-section-height-default elementor-section-height-default\" data-id=\"365277ea\" data-element_type=\"section\">\n\t\t\t\t\t\t<div class=\"elementor-container elementor-column-gap-default\">\n\t\t\t\t\t<div class=\"elementor-column elementor-col-100 elementor-top-column elementor-element elementor-element-622c2cf1\" data-id=\"622c2cf1\" data-element_type=\"column\">\n\t\t\t<div class=\"elementor-widget-wrap elementor-element-populated\">\n\t\t\t\t\t\t<div class=\"elementor-element elementor-element-5a62ac72 elementor-widget elementor-widget-text-editor\" data-id=\"5a62ac72\" data-element_type=\"widget\" data-widget_type=\"text-editor.default\">\n\t\t\t\t<div class=\"elementor-widget-container\">\n\t\t\t\t\t\t\t\t\t<hunterseite>Vollstufige Textilproduktion<\/hunterseite>\t\t\t\t\t\t\t\t<\/div>\n\t\t\t\t<\/div>\n\t\t\t\t\t<\/div>\n\t\t<\/div>\n\t\t\t\t\t<\/div>\n\t\t<\/section>\n\t\t\t\t<section class=\"elementor-section elementor-top-section elementor-element elementor-element-2a9402c0 elementor-section-boxed elementor-section-height-default elementor-section-height-default\" data-id=\"2a9402c0\" data-element_type=\"section\">\n\t\t\t\t\t\t<div class=\"elementor-container elementor-column-gap-default\">\n\t\t\t\t\t<div class=\"elementor-column elementor-col-50 elementor-top-column elementor-element elementor-element-7d58ea02\" data-id=\"7d58ea02\" data-element_type=\"column\">\n\t\t\t<div class=\"elementor-widget-wrap elementor-element-populated\">\n\t\t\t\t\t\t<div class=\"elementor-element elementor-element-26a4fa35 elementor-widget elementor-widget-text-editor\" data-id=\"26a4fa35\" data-element_type=\"widget\" data-widget_type=\"text-editor.default\">\n\t\t\t\t<div class=\"elementor-widget-container\">\n\t\t\t\t\t\t\t\t\t<h2unterseite>Vom Garn bis zum Vertrieb<\/h2unterseite>\n<br>\n<punterseite>\nMit vollstufiger Textilproduktion entwickeln wir seit \u00fcber 30 Jahren technisch anspruchsvolle Textilien.\n\n<br><br>\n\nVom Garn \u00fcber Weberei und Wirkerei bis hin zu Ausr\u00fcstung und F\u00e4rberei, Beschichtung, Laminierung, Kaschierung sowie Plissierung und Schneiden entwickeln wir Textilien bis zu einer Breite von 320 cm mit Ihnen.\n\n<\/punterseite>\n\t\t\t\t\t\t\t\t<\/div>\n\t\t\t\t<\/div>\n\t\t\t\t\t<\/div>\n\t\t<\/div>\n\t\t\t\t<div class=\"elementor-column elementor-col-50 elementor-top-column elementor-element elementor-element-66502ce\" data-id=\"66502ce\" data-element_type=\"column\">\n\t\t\t<div class=\"elementor-widget-wrap elementor-element-populated\">\n\t\t\t\t\t\t<div class=\"elementor-element elementor-element-a3bbcef elementor-widget elementor-widget-image\" data-id=\"a3bbcef\" data-element_type=\"widget\" data-widget_type=\"image.default\">\n\t\t\t\t<div class=\"elementor-widget-container\">\n\t\t\t\t\t\t\t\t\t\t\t\t\t\t\t<img loading=\"lazy\" decoding=\"async\" width=\"600\" height=\"399\" src=\"https:\/\/www.kreatextilien.com\/wp-content\/uploads\/2021\/05\/weben-600.jpg\" class=\"attachment-large size-large wp-image-86\" alt=\"\" srcset=\"https:\/\/www.kreatextilien.com\/wp-content\/uploads\/2021\/05\/weben-600.jpg 600w, https:\/\/www.kreatextilien.com\/wp-content\/uploads\/2021\/05\/weben-600-300x200.jpg 300w, https:\/\/www.kreatextilien.com\/wp-content\/uploads\/2021\/05\/weben-600-16x12.jpg 16w\" sizes=\"(max-width: 600px) 100vw, 600px\" style=\"width:100%;height:66.5%;max-width:600px\" \/>\t\t\t\t\t\t\t\t\t\t\t\t\t\t\t<\/div>\n\t\t\t\t<\/div>\n\t\t\t\t\t<\/div>\n\t\t<\/div>\n\t\t\t\t\t<\/div>\n\t\t<\/section>\n\t\t\t\t<section class=\"elementor-section elementor-top-section elementor-element elementor-element-843d7d9 elementor-section-boxed elementor-section-height-default elementor-section-height-default\" data-id=\"843d7d9\" data-element_type=\"section\">\n\t\t\t\t\t\t<div class=\"elementor-container elementor-column-gap-default\">\n\t\t\t\t\t<div class=\"elementor-column elementor-col-50 elementor-top-column elementor-element elementor-element-a15fc06\" data-id=\"a15fc06\" data-element_type=\"column\">\n\t\t\t<div class=\"elementor-widget-wrap elementor-element-populated\">\n\t\t\t\t\t\t<div class=\"elementor-element elementor-element-7274f67 elementor-widget elementor-widget-image\" data-id=\"7274f67\" data-element_type=\"widget\" data-widget_type=\"image.default\">\n\t\t\t\t<div class=\"elementor-widget-container\">\n\t\t\t\t\t\t\t\t\t\t\t\t\t\t\t<img loading=\"lazy\" decoding=\"async\" width=\"600\" height=\"401\" src=\"https:\/\/www.kreatextilien.com\/wp-content\/uploads\/2021\/05\/labor-600.jpg\" class=\"attachment-large size-large wp-image-87\" alt=\"\" srcset=\"https:\/\/www.kreatextilien.com\/wp-content\/uploads\/2021\/05\/labor-600.jpg 600w, https:\/\/www.kreatextilien.com\/wp-content\/uploads\/2021\/05\/labor-600-300x201.jpg 300w, https:\/\/www.kreatextilien.com\/wp-content\/uploads\/2021\/05\/labor-600-16x12.jpg 16w\" sizes=\"(max-width: 600px) 100vw, 600px\" style=\"width:100%;height:66.83%;max-width:600px\" \/>\t\t\t\t\t\t\t\t\t\t\t\t\t\t\t<\/div>\n\t\t\t\t<\/div>\n\t\t\t\t\t<\/div>\n\t\t<\/div>\n\t\t\t\t<div class=\"elementor-column elementor-col-50 elementor-top-column elementor-element elementor-element-ef6bb06\" data-id=\"ef6bb06\" data-element_type=\"column\">\n\t\t\t<div class=\"elementor-widget-wrap elementor-element-populated\">\n\t\t\t\t\t\t<div class=\"elementor-element elementor-element-3c1b25d elementor-widget elementor-widget-text-editor\" data-id=\"3c1b25d\" data-element_type=\"widget\" data-widget_type=\"text-editor.default\">\n\t\t\t\t<div class=\"elementor-widget-container\">\n\t\t\t\t\t\t\t\t\t\n<h2unterseite>Nat\u00fcrlich L\u00f6sungsmittelfrei &#8211; gut f\u00fcr die Umwelt<\/h2unterseite>\n<br>\n\n<punterseite>\n\nL\u00f6sungsmittel belasten die Umwelt. Sie sind umweltsch\u00e4dlich oder auch giftig.\n<br><br>\nAlle von uns eingesetzten Chemikalien sind auf w\u00e4ssriger Basis und somit L\u00f6sungsmittel-, PVC\u2013Frei und REACH konform.\nEin Baustein f\u00fcr eine bessere Umwelt.\n<\/punterseite>\n\t\t\t\t\t\t\t\t<\/div>\n\t\t\t\t<\/div>\n\t\t\t\t\t<\/div>\n\t\t<\/div>\n\t\t\t\t\t<\/div>\n\t\t<\/section>\n\t\t\t\t<section class=\"elementor-section elementor-top-section elementor-element elementor-element-12280490 elementor-section-full_width elementor-section-height-default elementor-section-height-default\" data-id=\"12280490\" data-element_type=\"section\">\n\t\t\t\t\t\t<div class=\"elementor-container elementor-column-gap-default\">\n\t\t\t\t\t<div class=\"elementor-column elementor-col-50 elementor-top-column elementor-element elementor-element-71a30096\" data-id=\"71a30096\" data-element_type=\"column\" data-settings=\"{&quot;background_background&quot;:&quot;classic&quot;}\">\n\t\t\t<div class=\"elementor-widget-wrap elementor-element-populated\">\n\t\t\t\t\t\t<div class=\"elementor-element elementor-element-5e7816e elementor-nav-menu__align-end elementor-nav-menu--dropdown-tablet elementor-nav-menu__text-align-aside elementor-nav-menu--toggle elementor-nav-menu--burger elementor-widget elementor-widget-nav-menu\" data-id=\"5e7816e\" data-element_type=\"widget\" data-settings=\"{&quot;layout&quot;:&quot;horizontal&quot;,&quot;submenu_icon&quot;:{&quot;value&quot;:&quot;&lt;i class=\\&quot;fas fa-caret-down\\&quot;&gt;&lt;\\\/i&gt;&quot;,&quot;library&quot;:&quot;fa-solid&quot;},&quot;toggle&quot;:&quot;burger&quot;}\" data-widget_type=\"nav-menu.default\">\n\t\t\t\t<div class=\"elementor-widget-container\">\n\t\t\t\t\t\t\t\t<nav aria-label=\"Men\u00fa\" class=\"elementor-nav-menu--main elementor-nav-menu__container elementor-nav-menu--layout-horizontal e--pointer-underline e--animation-fade\">\n\t\t\t\t<ul id=\"menu-1-5e7816e\" class=\"elementor-nav-menu\"><li class=\"menu-item menu-item-type-post_type menu-item-object-page menu-item-453\"><a href=\"https:\/\/www.kreatextilien.com\/es\/impressum\/\" class=\"elementor-item\">Impressum<\/a><\/li>\n<li class=\"menu-item menu-item-type-post_type menu-item-object-page menu-item-454\"><a href=\"https:\/\/www.kreatextilien.com\/es\/datenschutz\/\" class=\"elementor-item\">Datenschutz<\/a><\/li>\n<li class=\"menu-item menu-item-type-post_type menu-item-object-page menu-item-452\"><a href=\"https:\/\/www.kreatextilien.com\/es\/disclaimer\/\" class=\"elementor-item\">Disclaimer<\/a><\/li>\n<li class=\"menu-item menu-item-type-post_type menu-item-object-page menu-item-451\"><a href=\"https:\/\/www.kreatextilien.com\/es\/agb\/\" class=\"elementor-item\">AGB<\/a><\/li>\n<\/ul>\t\t\t<\/nav>\n\t\t\t\t\t<div class=\"elementor-menu-toggle\" role=\"button\" tabindex=\"0\" aria-label=\"Alternar men\u00fa\" aria-expanded=\"false\">\n\t\t\t<i aria-hidden=\"true\" role=\"presentation\" class=\"elementor-menu-toggle__icon--open eicon-menu-bar\"><\/i><i aria-hidden=\"true\" role=\"presentation\" class=\"elementor-menu-toggle__icon--close eicon-close\"><\/i>\t\t<\/div>\n\t\t\t\t\t<nav class=\"elementor-nav-menu--dropdown elementor-nav-menu__container\" aria-hidden=\"true\">\n\t\t\t\t<ul id=\"menu-2-5e7816e\" class=\"elementor-nav-menu\"><li class=\"menu-item menu-item-type-post_type menu-item-object-page menu-item-453\"><a href=\"https:\/\/www.kreatextilien.com\/es\/impressum\/\" class=\"elementor-item\" tabindex=\"-1\">Impressum<\/a><\/li>\n<li class=\"menu-item menu-item-type-post_type menu-item-object-page menu-item-454\"><a href=\"https:\/\/www.kreatextilien.com\/es\/datenschutz\/\" class=\"elementor-item\" tabindex=\"-1\">Datenschutz<\/a><\/li>\n<li class=\"menu-item menu-item-type-post_type menu-item-object-page menu-item-452\"><a href=\"https:\/\/www.kreatextilien.com\/es\/disclaimer\/\" class=\"elementor-item\" tabindex=\"-1\">Disclaimer<\/a><\/li>\n<li class=\"menu-item menu-item-type-post_type menu-item-object-page menu-item-451\"><a href=\"https:\/\/www.kreatextilien.com\/es\/agb\/\" class=\"elementor-item\" tabindex=\"-1\">AGB<\/a><\/li>\n<\/ul>\t\t\t<\/nav>\n\t\t\t\t\t\t<\/div>\n\t\t\t\t<\/div>\n\t\t\t\t\t<\/div>\n\t\t<\/div>\n\t\t\t\t<div class=\"elementor-column elementor-col-50 elementor-top-column elementor-element elementor-element-12c3cb82\" data-id=\"12c3cb82\" data-element_type=\"column\" data-settings=\"{&quot;background_background&quot;:&quot;classic&quot;}\">\n\t\t\t<div class=\"elementor-widget-wrap elementor-element-populated\">\n\t\t\t\t\t\t<div class=\"elementor-element elementor-element-61050cc9 elementor-widget elementor-widget-text-editor\" data-id=\"61050cc9\" data-element_type=\"widget\" data-widget_type=\"text-editor.default\">\n\t\t\t\t<div class=\"elementor-widget-container\">\n\t\t\t\t\t\t\t\t\t<pkleinfooter>Copyright 2021 Krea Technische Textilien GmbH. Alle Rechte vorbehalten.<\/pkleinfooter>\t\t\t\t\t\t\t\t<\/div>\n\t\t\t\t<\/div>\n\t\t\t\t\t<\/div>\n\t\t<\/div>\n\t\t\t\t\t<\/div>\n\t\t<\/section>\n\t\t\t\t<\/div>","protected":false},"excerpt":{"rendered":"<p>tel.:(49) 2151 1 560 560 info @ kreatextilien.com Kuhlesh\u00fctte 84 47809 Krefeld KREA Digital Media Textiles Solution \u2666 Digital Home Textiles \u2666 Krea Protective Textiles \u2666 Technical Accessories Vollstufige TextilproduktionVom Garn bis zum Vertrieb Mit vollstufiger Textilproduktion entwickeln wir seit \u00fcber 30 Jahren technisch anspruchsvolle Textilien. Vom Garn \u00fcber Weberei und Wirkerei bis hin zu&hellip; <a class=\"more-link\" href=\"https:\/\/www.kreatextilien.com\/es\/produktion\/\">Seguir leyendo <span class=\"screen-reader-text\">Produktion<\/span><\/a><\/p>","protected":false},"author":1,"featured_media":0,"parent":0,"menu_order":0,"comment_status":"closed","ping_status":"closed","template":"elementor_canvas","meta":{"footnotes":""},"class_list":["post-379","page","type-page","status-publish","hentry","entry"],"_links":{"self":[{"href":"https:\/\/www.kreatextilien.com\/es\/wp-json\/wp\/v2\/pages\/379","targetHints":{"allow":["GET"]}}],"collection":[{"href":"https:\/\/www.kreatextilien.com\/es\/wp-json\/wp\/v2\/pages"}],"about":[{"href":"https:\/\/www.kreatextilien.com\/es\/wp-json\/wp\/v2\/types\/page"}],"author":[{"embeddable":true,"href":"https:\/\/www.kreatextilien.com\/es\/wp-json\/wp\/v2\/users\/1"}],"replies":[{"embeddable":true,"href":"https:\/\/www.kreatextilien.com\/es\/wp-json\/wp\/v2\/comments?post=379"}],"version-history":[{"count":19,"href":"https:\/\/www.kreatextilien.com\/es\/wp-json\/wp\/v2\/pages\/379\/revisions"}],"predecessor-version":[{"id":940,"href":"https:\/\/www.kreatextilien.com\/es\/wp-json\/wp\/v2\/pages\/379\/revisions\/940"}],"wp:attachment":[{"href":"https:\/\/www.kreatextilien.com\/es\/wp-json\/wp\/v2\/media?parent=379"}],"curies":[{"name":"wp","href":"https:\/\/api.w.org\/{rel}","templated":true}]}}